{"id":11,"date":"2020-12-07T14:38:15","date_gmt":"2020-12-07T13:38:15","guid":{"rendered":"http:\/\/preprod2.agence-human.com\/intersix\/?page_id=11"},"modified":"2024-06-04T12:19:01","modified_gmt":"2024-06-04T10:19:01","slug":"accueil","status":"publish","type":"page","link":"https:\/\/preprod2.agence-human.com\/intersix\/","title":{"rendered":"Accueil"},"content":{"rendered":"","protected":false},"excerpt":{"rendered":"","protected":false},"author":1,"featured_media":290,"parent":0,"menu_order":0,"comment_status":"closed","ping_status":"closed","template":"","meta":{"_acf_changed":false,"footnotes":""},"acf":[],"yoast_head":"<!-- This site is optimized with the Yoast SEO plugin v22.8 - https:\/\/yoast.com\/wordpress\/plugins\/seo\/ -->\n<title>Agenceur &amp; Architecte Commercial pour Professionnels- Inter[Six]<\/title>\n<meta name=\"description\" content=\"D\u00e9couvrez les services d&#039;architecture et d&#039;am\u00e9nagement int\u00e9rieur propos\u00e9s par Inter[Six]. Sp\u00e9cialiste de l&#039;am\u00e9nagement et de l&#039;architecture commerciale.\" \/>\n<meta name=\"robots\" content=\"noindex, follow, max-snippet:-1, max-image-preview:large, max-video-preview:-1\" \/>\n<meta property=\"og:locale\" content=\"fr_FR\" \/>\n<meta property=\"og:type\" content=\"article\" \/>\n<meta property=\"og:title\" content=\"Agenceur &amp; Architecte Commercial pour Professionnels- Inter[Six]\" \/>\n<meta property=\"og:description\" content=\"D\u00e9couvrez les services d&#039;architecture et d&#039;am\u00e9nagement int\u00e9rieur propos\u00e9s par Inter[Six]. Sp\u00e9cialiste de l&#039;am\u00e9nagement et de l&#039;architecture commerciale.\" \/>\n<meta property=\"og:url\" content=\"https:\/\/preprod2.agence-human.com\/intersix\/\" \/>\n<meta property=\"og:site_name\" content=\"Inter[Six] Ma\u00eetrise d&#039;\u0153uvre &amp; Architecture d&#039;int\u00e9rieur\" \/>\n<meta property=\"article:modified_time\" content=\"2024-06-04T10:19:01+00:00\" \/>\n<meta property=\"og:image\" content=\"https:\/\/preprod2.agence-human.com\/intersix\/wp-content\/uploads\/2024\/04\/intersix_architecture_md.webp\" \/>\n\t<meta property=\"og:image:width\" content=\"1440\" \/>\n\t<meta property=\"og:image:height\" content=\"600\" \/>\n\t<meta property=\"og:image:type\" content=\"image\/webp\" \/>\n<meta name=\"twitter:card\" content=\"summary_large_image\" \/>\n<meta name=\"twitter:label1\" content=\"Dur\u00e9e de lecture estim\u00e9e\" \/>\n\t<meta name=\"twitter:data1\" content=\"1 minute\" \/>\n<script type=\"application\/ld+json\" class=\"yoast-schema-graph\">{\"@context\":\"https:\/\/schema.org\",\"@graph\":[{\"@type\":\"WebPage\",\"@id\":\"https:\/\/preprod2.agence-human.com\/intersix\/\",\"url\":\"https:\/\/preprod2.agence-human.com\/intersix\/\",\"name\":\"Agenceur & Architecte Commercial pour Professionnels- Inter[Six]\",\"isPartOf\":{\"@id\":\"https:\/\/preprod2.agence-human.com\/intersix\/#website\"},\"primaryImageOfPage\":{\"@id\":\"https:\/\/preprod2.agence-human.com\/intersix\/#primaryimage\"},\"image\":{\"@id\":\"https:\/\/preprod2.agence-human.com\/intersix\/#primaryimage\"},\"thumbnailUrl\":\"https:\/\/preprod2.agence-human.com\/intersix\/wp-content\/uploads\/2024\/04\/intersix_architecture_md.webp\",\"datePublished\":\"2020-12-07T13:38:15+00:00\",\"dateModified\":\"2024-06-04T10:19:01+00:00\",\"description\":\"D\u00e9couvrez les services d'architecture et d'am\u00e9nagement int\u00e9rieur propos\u00e9s par Inter[Six]. Sp\u00e9cialiste de l'am\u00e9nagement et de l'architecture commerciale.\",\"breadcrumb\":{\"@id\":\"https:\/\/preprod2.agence-human.com\/intersix\/#breadcrumb\"},\"inLanguage\":\"fr-FR\",\"potentialAction\":[{\"@type\":\"ReadAction\",\"target\":[\"https:\/\/preprod2.agence-human.com\/intersix\/\"]}]},{\"@type\":\"ImageObject\",\"inLanguage\":\"fr-FR\",\"@id\":\"https:\/\/preprod2.agence-human.com\/intersix\/#primaryimage\",\"url\":\"https:\/\/preprod2.agence-human.com\/intersix\/wp-content\/uploads\/2024\/04\/intersix_architecture_md.webp\",\"contentUrl\":\"https:\/\/preprod2.agence-human.com\/intersix\/wp-content\/uploads\/2024\/04\/intersix_architecture_md.webp\",\"width\":1440,\"height\":600},{\"@type\":\"BreadcrumbList\",\"@id\":\"https:\/\/preprod2.agence-human.com\/intersix\/#breadcrumb\",\"itemListElement\":[{\"@type\":\"ListItem\",\"position\":1,\"name\":\"Accueil\",\"item\":\"https:\/\/preprod2.agence-human.com\/intersix\/\"},{\"@type\":\"ListItem\",\"position\":2,\"name\":\"Accueil\"}]},{\"@type\":\"WebSite\",\"@id\":\"https:\/\/preprod2.agence-human.com\/intersix\/#website\",\"url\":\"https:\/\/preprod2.agence-human.com\/intersix\/\",\"name\":\"Inter[Six] Ma\u00eetrise d&#039;\u0153uvre &amp; Architecture d&#039;int\u00e9rieur\",\"description\":\"\",\"publisher\":{\"@id\":\"https:\/\/preprod2.agence-human.com\/intersix\/#organization\"},\"potentialAction\":[{\"@type\":\"SearchAction\",\"target\":{\"@type\":\"EntryPoint\",\"urlTemplate\":\"https:\/\/preprod2.agence-human.com\/intersix\/?s={search_term_string}\"},\"query-input\":\"required name=search_term_string\"}],\"inLanguage\":\"fr-FR\"},{\"@type\":\"Organization\",\"@id\":\"https:\/\/preprod2.agence-human.com\/intersix\/#organization\",\"name\":\"Inter[Six] Ma\u00eetrise d&#039;\u0153uvre &amp; Architecture d&#039;int\u00e9rieur\",\"url\":\"https:\/\/preprod2.agence-human.com\/intersix\/\",\"logo\":{\"@type\":\"ImageObject\",\"inLanguage\":\"fr-FR\",\"@id\":\"https:\/\/preprod2.agence-human.com\/intersix\/#\/schema\/logo\/image\/\",\"url\":\"http:\/\/preprod2.agence-human.com\/intersix\/wp-content\/uploads\/2022\/09\/logo-type.png\",\"contentUrl\":\"http:\/\/preprod2.agence-human.com\/intersix\/wp-content\/uploads\/2022\/09\/logo-type.png\",\"width\":45,\"height\":45,\"caption\":\"Inter[Six] Ma\u00eetrise d&#039;\u0153uvre &amp; Architecture d&#039;int\u00e9rieur\"},\"image\":{\"@id\":\"https:\/\/preprod2.agence-human.com\/intersix\/#\/schema\/logo\/image\/\"}}]}<\/script>\n<!-- \/ Yoast SEO plugin. -->","yoast_head_json":{"title":"Agenceur & Architecte Commercial pour Professionnels- Inter[Six]","description":"D\u00e9couvrez les services d'architecture et d'am\u00e9nagement int\u00e9rieur propos\u00e9s par Inter[Six]. Sp\u00e9cialiste de l'am\u00e9nagement et de l'architecture commerciale.","robots":{"index":"noindex","follow":"follow","max-snippet":"max-snippet:-1","max-image-preview":"max-image-preview:large","max-video-preview":"max-video-preview:-1"},"og_locale":"fr_FR","og_type":"article","og_title":"Agenceur & Architecte Commercial pour Professionnels- Inter[Six]","og_description":"D\u00e9couvrez les services d'architecture et d'am\u00e9nagement int\u00e9rieur propos\u00e9s par Inter[Six]. Sp\u00e9cialiste de l'am\u00e9nagement et de l'architecture commerciale.","og_url":"https:\/\/preprod2.agence-human.com\/intersix\/","og_site_name":"Inter[Six] Ma\u00eetrise d&#039;\u0153uvre &amp; Architecture d&#039;int\u00e9rieur","article_modified_time":"2024-06-04T10:19:01+00:00","og_image":[{"width":1440,"height":600,"url":"https:\/\/preprod2.agence-human.com\/intersix\/wp-content\/uploads\/2024\/04\/intersix_architecture_md.webp","type":"image\/webp"}],"twitter_card":"summary_large_image","twitter_misc":{"Dur\u00e9e de lecture estim\u00e9e":"1 minute"},"schema":{"@context":"https:\/\/schema.org","@graph":[{"@type":"WebPage","@id":"https:\/\/preprod2.agence-human.com\/intersix\/","url":"https:\/\/preprod2.agence-human.com\/intersix\/","name":"Agenceur & Architecte Commercial pour Professionnels- Inter[Six]","isPartOf":{"@id":"https:\/\/preprod2.agence-human.com\/intersix\/#website"},"primaryImageOfPage":{"@id":"https:\/\/preprod2.agence-human.com\/intersix\/#primaryimage"},"image":{"@id":"https:\/\/preprod2.agence-human.com\/intersix\/#primaryimage"},"thumbnailUrl":"https:\/\/preprod2.agence-human.com\/intersix\/wp-content\/uploads\/2024\/04\/intersix_architecture_md.webp","datePublished":"2020-12-07T13:38:15+00:00","dateModified":"2024-06-04T10:19:01+00:00","description":"D\u00e9couvrez les services d'architecture et d'am\u00e9nagement int\u00e9rieur propos\u00e9s par Inter[Six]. Sp\u00e9cialiste de l'am\u00e9nagement et de l'architecture commerciale.","breadcrumb":{"@id":"https:\/\/preprod2.agence-human.com\/intersix\/#breadcrumb"},"inLanguage":"fr-FR","potentialAction":[{"@type":"ReadAction","target":["https:\/\/preprod2.agence-human.com\/intersix\/"]}]},{"@type":"ImageObject","inLanguage":"fr-FR","@id":"https:\/\/preprod2.agence-human.com\/intersix\/#primaryimage","url":"https:\/\/preprod2.agence-human.com\/intersix\/wp-content\/uploads\/2024\/04\/intersix_architecture_md.webp","contentUrl":"https:\/\/preprod2.agence-human.com\/intersix\/wp-content\/uploads\/2024\/04\/intersix_architecture_md.webp","width":1440,"height":600},{"@type":"BreadcrumbList","@id":"https:\/\/preprod2.agence-human.com\/intersix\/#breadcrumb","itemListElement":[{"@type":"ListItem","position":1,"name":"Accueil","item":"https:\/\/preprod2.agence-human.com\/intersix\/"},{"@type":"ListItem","position":2,"name":"Accueil"}]},{"@type":"WebSite","@id":"https:\/\/preprod2.agence-human.com\/intersix\/#website","url":"https:\/\/preprod2.agence-human.com\/intersix\/","name":"Inter[Six] Ma\u00eetrise d&#039;\u0153uvre &amp; Architecture d&#039;int\u00e9rieur","description":"","publisher":{"@id":"https:\/\/preprod2.agence-human.com\/intersix\/#organization"},"potentialAction":[{"@type":"SearchAction","target":{"@type":"EntryPoint","urlTemplate":"https:\/\/preprod2.agence-human.com\/intersix\/?s={search_term_string}"},"query-input":"required name=search_term_string"}],"inLanguage":"fr-FR"},{"@type":"Organization","@id":"https:\/\/preprod2.agence-human.com\/intersix\/#organization","name":"Inter[Six] Ma\u00eetrise d&#039;\u0153uvre &amp; Architecture d&#039;int\u00e9rieur","url":"https:\/\/preprod2.agence-human.com\/intersix\/","logo":{"@type":"ImageObject","inLanguage":"fr-FR","@id":"https:\/\/preprod2.agence-human.com\/intersix\/#\/schema\/logo\/image\/","url":"http:\/\/preprod2.agence-human.com\/intersix\/wp-content\/uploads\/2022\/09\/logo-type.png","contentUrl":"http:\/\/preprod2.agence-human.com\/intersix\/wp-content\/uploads\/2022\/09\/logo-type.png","width":45,"height":45,"caption":"Inter[Six] Ma\u00eetrise d&#039;\u0153uvre &amp; Architecture d&#039;int\u00e9rieur"},"image":{"@id":"https:\/\/preprod2.agence-human.com\/intersix\/#\/schema\/logo\/image\/"}}]}},"_links":{"self":[{"href":"https:\/\/preprod2.agence-human.com\/intersix\/wp-json\/wp\/v2\/pages\/11"}],"collection":[{"href":"https:\/\/preprod2.agence-human.com\/intersix\/wp-json\/wp\/v2\/pages"}],"about":[{"href":"https:\/\/preprod2.agence-human.com\/intersix\/wp-json\/wp\/v2\/types\/page"}],"author":[{"embeddable":true,"href":"https:\/\/preprod2.agence-human.com\/intersix\/wp-json\/wp\/v2\/users\/1"}],"replies":[{"embeddable":true,"href":"https:\/\/preprod2.agence-human.com\/intersix\/wp-json\/wp\/v2\/comments?post=11"}],"version-history":[{"count":20,"href":"https:\/\/preprod2.agence-human.com\/intersix\/wp-json\/wp\/v2\/pages\/11\/revisions"}],"predecessor-version":[{"id":408,"href":"https:\/\/preprod2.agence-human.com\/intersix\/wp-json\/wp\/v2\/pages\/11\/revisions\/408"}],"wp:featuredmedia":[{"embeddable":true,"href":"https:\/\/preprod2.agence-human.com\/intersix\/wp-json\/wp\/v2\/media\/290"}],"wp:attachment":[{"href":"https:\/\/preprod2.agence-human.com\/intersix\/wp-json\/wp\/v2\/media?parent=11"}],"curies":[{"name":"wp","href":"https:\/\/api.w.org\/{rel}","templated":true}]}}