{"id":141,"date":"2023-07-25T14:48:39","date_gmt":"2023-07-25T12:48:39","guid":{"rendered":"http:\/\/preprod2.agence-human.com\/intersix\/?page_id=141"},"modified":"2024-06-12T16:46:56","modified_gmt":"2024-06-12T14:46:56","slug":"realisations","status":"publish","type":"page","link":"https:\/\/preprod2.agence-human.com\/intersix\/realisations\/","title":{"rendered":"Nos r\u00e9alisations"},"content":{"rendered":"","protected":false},"excerpt":{"rendered":"","protected":false},"author":1,"featured_media":231,"parent":0,"menu_order":0,"comment_status":"closed","ping_status":"closed","template":"realisations.php","meta":{"_acf_changed":false,"footnotes":""},"acf":[],"yoast_head":"<!-- This site is optimized with the Yoast SEO plugin v22.8 - https:\/\/yoast.com\/wordpress\/plugins\/seo\/ -->\n<title>Nos r\u00e9alisations - Inter[Six] Ma\u00eetrise d&#039;\u0153uvre &amp; Architecture d&#039;int\u00e9rieur<\/title>\n<meta name=\"robots\" content=\"noindex, follow, max-snippet:-1, max-image-preview:large, max-video-preview:-1\" \/>\n<meta property=\"og:locale\" content=\"fr_FR\" \/>\n<meta property=\"og:type\" content=\"article\" \/>\n<meta property=\"og:title\" content=\"Nos r\u00e9alisations - Inter[Six] Ma\u00eetrise d&#039;\u0153uvre &amp; Architecture d&#039;int\u00e9rieur\" \/>\n<meta property=\"og:url\" content=\"https:\/\/preprod2.agence-human.com\/intersix\/realisations\/\" \/>\n<meta property=\"og:site_name\" content=\"Inter[Six] Ma\u00eetrise d&#039;\u0153uvre &amp; Architecture d&#039;int\u00e9rieur\" \/>\n<meta property=\"article:modified_time\" content=\"2024-06-12T14:46:56+00:00\" \/>\n<meta property=\"og:image\" content=\"https:\/\/preprod2.agence-human.com\/intersix\/wp-content\/uploads\/2023\/07\/Render-12.jpg\" \/>\n\t<meta property=\"og:image:width\" content=\"1920\" \/>\n\t<meta property=\"og:image:height\" content=\"1080\" \/>\n\t<meta property=\"og:image:type\" content=\"image\/jpeg\" \/>\n<meta name=\"twitter:card\" content=\"summary_large_image\" \/>\n<meta name=\"twitter:label1\" content=\"Dur\u00e9e de lecture estim\u00e9e\" \/>\n\t<meta name=\"twitter:data1\" content=\"1 minute\" \/>\n<script type=\"application\/ld+json\" class=\"yoast-schema-graph\">{\"@context\":\"https:\/\/schema.org\",\"@graph\":[{\"@type\":\"WebPage\",\"@id\":\"https:\/\/preprod2.agence-human.com\/intersix\/realisations\/\",\"url\":\"https:\/\/preprod2.agence-human.com\/intersix\/realisations\/\",\"name\":\"Nos r\u00e9alisations - Inter[Six] Ma\u00eetrise d&#039;\u0153uvre &amp; Architecture d&#039;int\u00e9rieur\",\"isPartOf\":{\"@id\":\"https:\/\/preprod2.agence-human.com\/intersix\/#website\"},\"primaryImageOfPage\":{\"@id\":\"https:\/\/preprod2.agence-human.com\/intersix\/realisations\/#primaryimage\"},\"image\":{\"@id\":\"https:\/\/preprod2.agence-human.com\/intersix\/realisations\/#primaryimage\"},\"thumbnailUrl\":\"https:\/\/preprod2.agence-human.com\/intersix\/wp-content\/uploads\/2023\/07\/Render-12.jpg\",\"datePublished\":\"2023-07-25T12:48:39+00:00\",\"dateModified\":\"2024-06-12T14:46:56+00:00\",\"breadcrumb\":{\"@id\":\"https:\/\/preprod2.agence-human.com\/intersix\/realisations\/#breadcrumb\"},\"inLanguage\":\"fr-FR\",\"potentialAction\":[{\"@type\":\"ReadAction\",\"target\":[\"https:\/\/preprod2.agence-human.com\/intersix\/realisations\/\"]}]},{\"@type\":\"ImageObject\",\"inLanguage\":\"fr-FR\",\"@id\":\"https:\/\/preprod2.agence-human.com\/intersix\/realisations\/#primaryimage\",\"url\":\"https:\/\/preprod2.agence-human.com\/intersix\/wp-content\/uploads\/2023\/07\/Render-12.jpg\",\"contentUrl\":\"https:\/\/preprod2.agence-human.com\/intersix\/wp-content\/uploads\/2023\/07\/Render-12.jpg\",\"width\":1920,\"height\":1080},{\"@type\":\"BreadcrumbList\",\"@id\":\"https:\/\/preprod2.agence-human.com\/intersix\/realisations\/#breadcrumb\",\"itemListElement\":[{\"@type\":\"ListItem\",\"position\":1,\"name\":\"Accueil\",\"item\":\"https:\/\/preprod2.agence-human.com\/intersix\/\"},{\"@type\":\"ListItem\",\"position\":2,\"name\":\"Nos r\u00e9alisations\"}]},{\"@type\":\"WebSite\",\"@id\":\"https:\/\/preprod2.agence-human.com\/intersix\/#website\",\"url\":\"https:\/\/preprod2.agence-human.com\/intersix\/\",\"name\":\"Inter[Six] Ma\u00eetrise d&#039;\u0153uvre &amp; Architecture d&#039;int\u00e9rieur\",\"description\":\"\",\"publisher\":{\"@id\":\"https:\/\/preprod2.agence-human.com\/intersix\/#organization\"},\"potentialAction\":[{\"@type\":\"SearchAction\",\"target\":{\"@type\":\"EntryPoint\",\"urlTemplate\":\"https:\/\/preprod2.agence-human.com\/intersix\/?s={search_term_string}\"},\"query-input\":\"required name=search_term_string\"}],\"inLanguage\":\"fr-FR\"},{\"@type\":\"Organization\",\"@id\":\"https:\/\/preprod2.agence-human.com\/intersix\/#organization\",\"name\":\"Inter[Six] Ma\u00eetrise d&#039;\u0153uvre &amp; Architecture d&#039;int\u00e9rieur\",\"url\":\"https:\/\/preprod2.agence-human.com\/intersix\/\",\"logo\":{\"@type\":\"ImageObject\",\"inLanguage\":\"fr-FR\",\"@id\":\"https:\/\/preprod2.agence-human.com\/intersix\/#\/schema\/logo\/image\/\",\"url\":\"http:\/\/preprod2.agence-human.com\/intersix\/wp-content\/uploads\/2022\/09\/logo-type.png\",\"contentUrl\":\"http:\/\/preprod2.agence-human.com\/intersix\/wp-content\/uploads\/2022\/09\/logo-type.png\",\"width\":45,\"height\":45,\"caption\":\"Inter[Six] Ma\u00eetrise d&#039;\u0153uvre &amp; Architecture d&#039;int\u00e9rieur\"},\"image\":{\"@id\":\"https:\/\/preprod2.agence-human.com\/intersix\/#\/schema\/logo\/image\/\"}}]}<\/script>\n<!-- \/ Yoast SEO plugin. -->","yoast_head_json":{"title":"Nos r\u00e9alisations - Inter[Six] Ma\u00eetrise d&#039;\u0153uvre &amp; Architecture d&#039;int\u00e9rieur","robots":{"index":"noindex","follow":"follow","max-snippet":"max-snippet:-1","max-image-preview":"max-image-preview:large","max-video-preview":"max-video-preview:-1"},"og_locale":"fr_FR","og_type":"article","og_title":"Nos r\u00e9alisations - Inter[Six] Ma\u00eetrise d&#039;\u0153uvre &amp; Architecture d&#039;int\u00e9rieur","og_url":"https:\/\/preprod2.agence-human.com\/intersix\/realisations\/","og_site_name":"Inter[Six] Ma\u00eetrise d&#039;\u0153uvre &amp; Architecture d&#039;int\u00e9rieur","article_modified_time":"2024-06-12T14:46:56+00:00","og_image":[{"width":1920,"height":1080,"url":"https:\/\/preprod2.agence-human.com\/intersix\/wp-content\/uploads\/2023\/07\/Render-12.jpg","type":"image\/jpeg"}],"twitter_card":"summary_large_image","twitter_misc":{"Dur\u00e9e de lecture estim\u00e9e":"1 minute"},"schema":{"@context":"https:\/\/schema.org","@graph":[{"@type":"WebPage","@id":"https:\/\/preprod2.agence-human.com\/intersix\/realisations\/","url":"https:\/\/preprod2.agence-human.com\/intersix\/realisations\/","name":"Nos r\u00e9alisations - Inter[Six] Ma\u00eetrise d&#039;\u0153uvre &amp; Architecture d&#039;int\u00e9rieur","isPartOf":{"@id":"https:\/\/preprod2.agence-human.com\/intersix\/#website"},"primaryImageOfPage":{"@id":"https:\/\/preprod2.agence-human.com\/intersix\/realisations\/#primaryimage"},"image":{"@id":"https:\/\/preprod2.agence-human.com\/intersix\/realisations\/#primaryimage"},"thumbnailUrl":"https:\/\/preprod2.agence-human.com\/intersix\/wp-content\/uploads\/2023\/07\/Render-12.jpg","datePublished":"2023-07-25T12:48:39+00:00","dateModified":"2024-06-12T14:46:56+00:00","breadcrumb":{"@id":"https:\/\/preprod2.agence-human.com\/intersix\/realisations\/#breadcrumb"},"inLanguage":"fr-FR","potentialAction":[{"@type":"ReadAction","target":["https:\/\/preprod2.agence-human.com\/intersix\/realisations\/"]}]},{"@type":"ImageObject","inLanguage":"fr-FR","@id":"https:\/\/preprod2.agence-human.com\/intersix\/realisations\/#primaryimage","url":"https:\/\/preprod2.agence-human.com\/intersix\/wp-content\/uploads\/2023\/07\/Render-12.jpg","contentUrl":"https:\/\/preprod2.agence-human.com\/intersix\/wp-content\/uploads\/2023\/07\/Render-12.jpg","width":1920,"height":1080},{"@type":"BreadcrumbList","@id":"https:\/\/preprod2.agence-human.com\/intersix\/realisations\/#breadcrumb","itemListElement":[{"@type":"ListItem","position":1,"name":"Accueil","item":"https:\/\/preprod2.agence-human.com\/intersix\/"},{"@type":"ListItem","position":2,"name":"Nos r\u00e9alisations"}]},{"@type":"WebSite","@id":"https:\/\/preprod2.agence-human.com\/intersix\/#website","url":"https:\/\/preprod2.agence-human.com\/intersix\/","name":"Inter[Six] Ma\u00eetrise d&#039;\u0153uvre &amp; Architecture d&#039;int\u00e9rieur","description":"","publisher":{"@id":"https:\/\/preprod2.agence-human.com\/intersix\/#organization"},"potentialAction":[{"@type":"SearchAction","target":{"@type":"EntryPoint","urlTemplate":"https:\/\/preprod2.agence-human.com\/intersix\/?s={search_term_string}"},"query-input":"required name=search_term_string"}],"inLanguage":"fr-FR"},{"@type":"Organization","@id":"https:\/\/preprod2.agence-human.com\/intersix\/#organization","name":"Inter[Six] Ma\u00eetrise d&#039;\u0153uvre &amp; Architecture d&#039;int\u00e9rieur","url":"https:\/\/preprod2.agence-human.com\/intersix\/","logo":{"@type":"ImageObject","inLanguage":"fr-FR","@id":"https:\/\/preprod2.agence-human.com\/intersix\/#\/schema\/logo\/image\/","url":"http:\/\/preprod2.agence-human.com\/intersix\/wp-content\/uploads\/2022\/09\/logo-type.png","contentUrl":"http:\/\/preprod2.agence-human.com\/intersix\/wp-content\/uploads\/2022\/09\/logo-type.png","width":45,"height":45,"caption":"Inter[Six] Ma\u00eetrise d&#039;\u0153uvre &amp; Architecture d&#039;int\u00e9rieur"},"image":{"@id":"https:\/\/preprod2.agence-human.com\/intersix\/#\/schema\/logo\/image\/"}}]}},"_links":{"self":[{"href":"https:\/\/preprod2.agence-human.com\/intersix\/wp-json\/wp\/v2\/pages\/141"}],"collection":[{"href":"https:\/\/preprod2.agence-human.com\/intersix\/wp-json\/wp\/v2\/pages"}],"about":[{"href":"https:\/\/preprod2.agence-human.com\/intersix\/wp-json\/wp\/v2\/types\/page"}],"author":[{"embeddable":true,"href":"https:\/\/preprod2.agence-human.com\/intersix\/wp-json\/wp\/v2\/users\/1"}],"replies":[{"embeddable":true,"href":"https:\/\/preprod2.agence-human.com\/intersix\/wp-json\/wp\/v2\/comments?post=141"}],"version-history":[{"count":1,"href":"https:\/\/preprod2.agence-human.com\/intersix\/wp-json\/wp\/v2\/pages\/141\/revisions"}],"predecessor-version":[{"id":142,"href":"https:\/\/preprod2.agence-human.com\/intersix\/wp-json\/wp\/v2\/pages\/141\/revisions\/142"}],"wp:featuredmedia":[{"embeddable":true,"href":"https:\/\/preprod2.agence-human.com\/intersix\/wp-json\/wp\/v2\/media\/231"}],"wp:attachment":[{"href":"https:\/\/preprod2.agence-human.com\/intersix\/wp-json\/wp\/v2\/media?parent=141"}],"curies":[{"name":"wp","href":"https:\/\/api.w.org\/{rel}","templated":true}]}}