{"id":46,"date":"2021-09-18T12:14:59","date_gmt":"2021-09-18T10:14:59","guid":{"rendered":"http:\/\/preprod2.agence-human.com\/intersix\/?page_id=46"},"modified":"2024-05-22T14:56:37","modified_gmt":"2024-05-22T12:56:37","slug":"contact","status":"publish","type":"page","link":"https:\/\/preprod2.agence-human.com\/intersix\/contact\/","title":{"rendered":"Nous contacter"},"content":{"rendered":"\n<div class=\"wp-block-contact-form-7-contact-form-selector\">\n<div class=\"wpcf7 no-js\" id=\"wpcf7-f35-o1\" lang=\"fr-FR\" dir=\"ltr\">\n<div class=\"screen-reader-response\"><p role=\"status\" aria-live=\"polite\" aria-atomic=\"true\"><\/p> <ul><\/ul><\/div>\n<form action=\"\/intersix\/wp-json\/wp\/v2\/pages\/46#wpcf7-f35-o1\" method=\"post\" class=\"wpcf7-form init\" aria-label=\"Formulaire de contact\" novalidate=\"novalidate\" data-status=\"init\">\n<div style=\"display: none;\">\n<input type=\"hidden\" name=\"_wpcf7\" value=\"35\" \/>\n<input type=\"hidden\" name=\"_wpcf7_version\" value=\"5.9.5\" \/>\n<input type=\"hidden\" name=\"_wpcf7_locale\" value=\"fr_FR\" \/>\n<input type=\"hidden\" name=\"_wpcf7_unit_tag\" value=\"wpcf7-f35-o1\" \/>\n<input type=\"hidden\" name=\"_wpcf7_container_post\" value=\"0\" \/>\n<input type=\"hidden\" name=\"_wpcf7_posted_data_hash\" value=\"\" \/>\n<\/div>\n<p class=\"form-inset-w100 form--sep\"><br \/>\n<label>Votre adresse mail<br \/>\n<span class=\"wpcf7-form-control-wrap\" data-name=\"email\"><input size=\"40\" class=\"wpcf7-form-control wpcf7-email wpcf7-validates-as-required wpcf7-text wpcf7-validates-as-email form-inset-w100\" aria-required=\"true\" aria-invalid=\"false\" placeholder=\"@mail.fr\" value=\"\" type=\"email\" name=\"email\" \/><\/span><\/label>\n<\/p>\n<p class=\"form-inset-w100 form--sep\"><br \/>\n<label>Votre num\u00e9ro de t\u00e9l\u00e9phone<br \/>\n<span class=\"wpcf7-form-control-wrap\" data-name=\"tel2\"><input size=\"40\" class=\"wpcf7-form-control wpcf7-tel wpcf7-text wpcf7-validates-as-tel form-inset-w100\" aria-invalid=\"false\" placeholder=\"00 00 00 00 00\" value=\"\" type=\"tel\" name=\"tel2\" \/><\/span> <\/label>\n<\/p>\n<p style=\"display:none\"><span id=\"wpcf7-69fab5714c248-wrapper\" class=\"wpcf7-form-control-wrap honeypot-740-wrap\" ><input type=\"hidden\" name=\"honeypot-740-time-start\" value=\"1778038129\"><input type=\"hidden\" name=\"honeypot-740-time-check\" value=\"6\"><input id=\"wpcf7-69fab5714c248-field\"  class=\"wpcf7-form-control wpcf7-text\" type=\"text\" name=\"honeypot-740\" value=\"\" size=\"40\" tabindex=\"-1\" autocomplete=\"new-password\" \/><\/span>\n<\/p>\n<p class=\"form-inset-w100 form--sep\"><br \/>\n<label> Objet de votre message *<br \/>\n<span class=\"wpcf7-form-control-wrap\" data-name=\"msg--objet\"><select class=\"wpcf7-form-control wpcf7-select wpcf7-validates-as-required\" aria-required=\"true\" aria-invalid=\"false\" name=\"msg--objet\"><option value=\"Demande de renseignements\">Demande de renseignements<\/option><option value=\"Autre\">Autre<\/option><\/select><\/span><\/label>\n<\/p>\n<p class=\"form-inset-w100 form--sep\"><br \/>\n<label> Votre message *<br \/>\n<span class=\"wpcf7-form-control-wrap\" data-name=\"message\"><textarea cols=\"40\" rows=\"10\" class=\"wpcf7-form-control wpcf7-textarea wpcf7-validates-as-required\" aria-required=\"true\" aria-invalid=\"false\" placeholder=\"Votre message\" name=\"message\"><\/textarea><\/span><\/label>\n<\/p>\n<div class=\"form-inset-end form--end--sep\">\n\t<p><span class=\"wpcf7-form-control-wrap\" data-name=\"acceptance-974\"><span class=\"wpcf7-form-control wpcf7-acceptance\"><span class=\"wpcf7-list-item\"><label><input type=\"checkbox\" name=\"acceptance-974\" value=\"1\" aria-invalid=\"false\" \/><span class=\"wpcf7-list-item-label\">En soumettant ce formulaire, j\u2019accepte que les informations saisies soient exploit\u00e9es dans le cadre de relation commerciale qui peut en d\u00e9couler.<\/span><\/label><\/span><\/span><\/span><br \/>\n<input class=\"wpcf7-form-control wpcf7-submit has-spinner button\" type=\"submit\" value=\"Envoyer\" \/>\n\t<\/p>\n<\/div><div class=\"wpcf7-response-output\" aria-hidden=\"true\"><\/div>\n<\/form>\n<\/div>\n<\/div>\n","protected":false},"excerpt":{"rendered":"","protected":false},"author":1,"featured_media":0,"parent":0,"menu_order":0,"comment_status":"closed","ping_status":"closed","template":"contact.php","meta":{"_acf_changed":false,"footnotes":""},"acf":[],"yoast_head":"<!-- This site is optimized with the Yoast SEO plugin v22.8 - https:\/\/yoast.com\/wordpress\/plugins\/seo\/ -->\n<title>Nous contacter - Inter[Six] Ma\u00eetrise d&#039;\u0153uvre &amp; Architecture d&#039;int\u00e9rieur<\/title>\n<meta name=\"robots\" content=\"noindex, follow, max-snippet:-1, max-image-preview:large, max-video-preview:-1\" \/>\n<meta property=\"og:locale\" content=\"fr_FR\" \/>\n<meta property=\"og:type\" content=\"article\" \/>\n<meta property=\"og:title\" content=\"Nous contacter - Inter[Six] Ma\u00eetrise d&#039;\u0153uvre &amp; Architecture d&#039;int\u00e9rieur\" \/>\n<meta property=\"og:url\" content=\"https:\/\/preprod2.agence-human.com\/intersix\/contact\/\" \/>\n<meta property=\"og:site_name\" content=\"Inter[Six] Ma\u00eetrise d&#039;\u0153uvre &amp; Architecture d&#039;int\u00e9rieur\" \/>\n<meta property=\"article:modified_time\" content=\"2024-05-22T12:56:37+00:00\" \/>\n<meta name=\"twitter:card\" content=\"summary_large_image\" \/>\n<meta name=\"twitter:label1\" content=\"Dur\u00e9e de lecture estim\u00e9e\" \/>\n\t<meta name=\"twitter:data1\" content=\"1 minute\" \/>\n<script type=\"application\/ld+json\" class=\"yoast-schema-graph\">{\"@context\":\"https:\/\/schema.org\",\"@graph\":[{\"@type\":\"WebPage\",\"@id\":\"https:\/\/preprod2.agence-human.com\/intersix\/contact\/\",\"url\":\"https:\/\/preprod2.agence-human.com\/intersix\/contact\/\",\"name\":\"Nous contacter - Inter[Six] Ma\u00eetrise d&#039;\u0153uvre &amp; Architecture d&#039;int\u00e9rieur\",\"isPartOf\":{\"@id\":\"https:\/\/preprod2.agence-human.com\/intersix\/#website\"},\"datePublished\":\"2021-09-18T10:14:59+00:00\",\"dateModified\":\"2024-05-22T12:56:37+00:00\",\"breadcrumb\":{\"@id\":\"https:\/\/preprod2.agence-human.com\/intersix\/contact\/#breadcrumb\"},\"inLanguage\":\"fr-FR\",\"potentialAction\":[{\"@type\":\"ReadAction\",\"target\":[\"https:\/\/preprod2.agence-human.com\/intersix\/contact\/\"]}]},{\"@type\":\"BreadcrumbList\",\"@id\":\"https:\/\/preprod2.agence-human.com\/intersix\/contact\/#breadcrumb\",\"itemListElement\":[{\"@type\":\"ListItem\",\"position\":1,\"name\":\"Accueil\",\"item\":\"https:\/\/preprod2.agence-human.com\/intersix\/\"},{\"@type\":\"ListItem\",\"position\":2,\"name\":\"Nous contacter\"}]},{\"@type\":\"WebSite\",\"@id\":\"https:\/\/preprod2.agence-human.com\/intersix\/#website\",\"url\":\"https:\/\/preprod2.agence-human.com\/intersix\/\",\"name\":\"Inter[Six] Ma\u00eetrise d&#039;\u0153uvre &amp; Architecture d&#039;int\u00e9rieur\",\"description\":\"\",\"publisher\":{\"@id\":\"https:\/\/preprod2.agence-human.com\/intersix\/#organization\"},\"potentialAction\":[{\"@type\":\"SearchAction\",\"target\":{\"@type\":\"EntryPoint\",\"urlTemplate\":\"https:\/\/preprod2.agence-human.com\/intersix\/?s={search_term_string}\"},\"query-input\":\"required name=search_term_string\"}],\"inLanguage\":\"fr-FR\"},{\"@type\":\"Organization\",\"@id\":\"https:\/\/preprod2.agence-human.com\/intersix\/#organization\",\"name\":\"Inter[Six] Ma\u00eetrise d&#039;\u0153uvre &amp; Architecture d&#039;int\u00e9rieur\",\"url\":\"https:\/\/preprod2.agence-human.com\/intersix\/\",\"logo\":{\"@type\":\"ImageObject\",\"inLanguage\":\"fr-FR\",\"@id\":\"https:\/\/preprod2.agence-human.com\/intersix\/#\/schema\/logo\/image\/\",\"url\":\"http:\/\/preprod2.agence-human.com\/intersix\/wp-content\/uploads\/2022\/09\/logo-type.png\",\"contentUrl\":\"http:\/\/preprod2.agence-human.com\/intersix\/wp-content\/uploads\/2022\/09\/logo-type.png\",\"width\":45,\"height\":45,\"caption\":\"Inter[Six] Ma\u00eetrise d&#039;\u0153uvre &amp; Architecture d&#039;int\u00e9rieur\"},\"image\":{\"@id\":\"https:\/\/preprod2.agence-human.com\/intersix\/#\/schema\/logo\/image\/\"}}]}<\/script>\n<!-- \/ Yoast SEO plugin. -->","yoast_head_json":{"title":"Nous contacter - Inter[Six] Ma\u00eetrise d&#039;\u0153uvre &amp; Architecture d&#039;int\u00e9rieur","robots":{"index":"noindex","follow":"follow","max-snippet":"max-snippet:-1","max-image-preview":"max-image-preview:large","max-video-preview":"max-video-preview:-1"},"og_locale":"fr_FR","og_type":"article","og_title":"Nous contacter - Inter[Six] Ma\u00eetrise d&#039;\u0153uvre &amp; Architecture d&#039;int\u00e9rieur","og_url":"https:\/\/preprod2.agence-human.com\/intersix\/contact\/","og_site_name":"Inter[Six] Ma\u00eetrise d&#039;\u0153uvre &amp; Architecture d&#039;int\u00e9rieur","article_modified_time":"2024-05-22T12:56:37+00:00","twitter_card":"summary_large_image","twitter_misc":{"Dur\u00e9e de lecture estim\u00e9e":"1 minute"},"schema":{"@context":"https:\/\/schema.org","@graph":[{"@type":"WebPage","@id":"https:\/\/preprod2.agence-human.com\/intersix\/contact\/","url":"https:\/\/preprod2.agence-human.com\/intersix\/contact\/","name":"Nous contacter - Inter[Six] Ma\u00eetrise d&#039;\u0153uvre &amp; Architecture d&#039;int\u00e9rieur","isPartOf":{"@id":"https:\/\/preprod2.agence-human.com\/intersix\/#website"},"datePublished":"2021-09-18T10:14:59+00:00","dateModified":"2024-05-22T12:56:37+00:00","breadcrumb":{"@id":"https:\/\/preprod2.agence-human.com\/intersix\/contact\/#breadcrumb"},"inLanguage":"fr-FR","potentialAction":[{"@type":"ReadAction","target":["https:\/\/preprod2.agence-human.com\/intersix\/contact\/"]}]},{"@type":"BreadcrumbList","@id":"https:\/\/preprod2.agence-human.com\/intersix\/contact\/#breadcrumb","itemListElement":[{"@type":"ListItem","position":1,"name":"Accueil","item":"https:\/\/preprod2.agence-human.com\/intersix\/"},{"@type":"ListItem","position":2,"name":"Nous contacter"}]},{"@type":"WebSite","@id":"https:\/\/preprod2.agence-human.com\/intersix\/#website","url":"https:\/\/preprod2.agence-human.com\/intersix\/","name":"Inter[Six] Ma\u00eetrise d&#039;\u0153uvre &amp; Architecture d&#039;int\u00e9rieur","description":"","publisher":{"@id":"https:\/\/preprod2.agence-human.com\/intersix\/#organization"},"potentialAction":[{"@type":"SearchAction","target":{"@type":"EntryPoint","urlTemplate":"https:\/\/preprod2.agence-human.com\/intersix\/?s={search_term_string}"},"query-input":"required name=search_term_string"}],"inLanguage":"fr-FR"},{"@type":"Organization","@id":"https:\/\/preprod2.agence-human.com\/intersix\/#organization","name":"Inter[Six] Ma\u00eetrise d&#039;\u0153uvre &amp; Architecture d&#039;int\u00e9rieur","url":"https:\/\/preprod2.agence-human.com\/intersix\/","logo":{"@type":"ImageObject","inLanguage":"fr-FR","@id":"https:\/\/preprod2.agence-human.com\/intersix\/#\/schema\/logo\/image\/","url":"http:\/\/preprod2.agence-human.com\/intersix\/wp-content\/uploads\/2022\/09\/logo-type.png","contentUrl":"http:\/\/preprod2.agence-human.com\/intersix\/wp-content\/uploads\/2022\/09\/logo-type.png","width":45,"height":45,"caption":"Inter[Six] Ma\u00eetrise d&#039;\u0153uvre &amp; Architecture d&#039;int\u00e9rieur"},"image":{"@id":"https:\/\/preprod2.agence-human.com\/intersix\/#\/schema\/logo\/image\/"}}]}},"_links":{"self":[{"href":"https:\/\/preprod2.agence-human.com\/intersix\/wp-json\/wp\/v2\/pages\/46"}],"collection":[{"href":"https:\/\/preprod2.agence-human.com\/intersix\/wp-json\/wp\/v2\/pages"}],"about":[{"href":"https:\/\/preprod2.agence-human.com\/intersix\/wp-json\/wp\/v2\/types\/page"}],"author":[{"embeddable":true,"href":"https:\/\/preprod2.agence-human.com\/intersix\/wp-json\/wp\/v2\/users\/1"}],"replies":[{"embeddable":true,"href":"https:\/\/preprod2.agence-human.com\/intersix\/wp-json\/wp\/v2\/comments?post=46"}],"version-history":[{"count":7,"href":"https:\/\/preprod2.agence-human.com\/intersix\/wp-json\/wp\/v2\/pages\/46\/revisions"}],"predecessor-version":[{"id":409,"href":"https:\/\/preprod2.agence-human.com\/intersix\/wp-json\/wp\/v2\/pages\/46\/revisions\/409"}],"wp:attachment":[{"href":"https:\/\/preprod2.agence-human.com\/intersix\/wp-json\/wp\/v2\/media?parent=46"}],"curies":[{"name":"wp","href":"https:\/\/api.w.org\/{rel}","templated":true}]}}